{"id":8,"date":"2025-04-09T12:41:56","date_gmt":"2025-04-09T10:41:56","guid":{"rendered":"http:\/\/ramonishop.com\/?page_id=8"},"modified":"2026-01-23T13:10:08","modified_gmt":"2026-01-23T12:10:08","slug":"inicio","status":"publish","type":"page","link":"https:\/\/ramonishop.com\/en\/","title":{"rendered":"HOME"},"content":{"rendered":"<p>[et_pb_section fb_built=\u00bb1&#8243; custom_padding_last_edited=\u00bbon|phone\u00bb admin_label=\u00bbHero \u00bb _builder_version=\u00bb4.27.4&#8243; _module_preset=\u00bbdefault\u00bb background_color=\u00bb#FFFFFF\u00bb custom_padding=\u00bb60px|60px|60px|60px|true|true\u00bb custom_padding_tablet=\u00bb|5vw||5vw|true|true\u00bb custom_padding_phone=\u00bb|5vw||5vw|true|true\u00bb global_colors_info=\u00bb{}\u00bb][et_pb_row column_structure=\u00bb1_2,1_2&#8243; _builder_version=\u00bb4.25.0&#8243; _module_preset=\u00bbdefault\u00bb width=\u00bb100%\u00bb max_width=\u00bbnone\u00bb custom_padding=\u00bb0px||0px||true|false\u00bb global_colors_info=\u00bb{}\u00bb][et_pb_column type=\u00bb1_2&#8243; _builder_version=\u00bb4.24.2&#8243; _module_preset=\u00bbdefault\u00bb custom_padding=\u00bb8vw||||false|false\u00bb custom_padding_tablet=\u00bb0vw||||false|false\u00bb custom_padding_phone=\u00bb0vw||||false|false\u00bb custom_padding_last_edited=\u00bbon|desktop\u00bb global_colors_info=\u00bb{}\u00bb][et_pb_heading title=\u00bbRamoni Shop\u00bb _builder_version=\u00bb4.27.4&#8243; _module_preset=\u00bb_initial\u00bb title_font=\u00bbCalistoga||||||||\u00bb title_font_size=\u00bb8.5vw\u00bb title_font_size_tablet=\u00bb\u00bb title_font_size_phone=\u00bb\u00bb title_font_size_last_edited=\u00bbon|desktop\u00bb global_colors_info=\u00bb{}\u00bb][\/et_pb_heading][et_pb_button button_text=\u00bbVer productos\u00bb _builder_version=\u00bb4.27.5&#8243; _module_preset=\u00bb_initial\u00bb custom_button=\u00bbon\u00bb button_text_size=\u00bb16px\u00bb button_text_color=\u00bb#FFFFFF\u00bb button_bg_color=\u00bb#7c7a00&#8243; button_border_radius=\u00bb100px\u00bb button_letter_spacing=\u00bb0.08em\u00bb button_font=\u00bbBarlow Condensed|600||on|||||\u00bb custom_padding=\u00bb45px|70px|45px|70px|true|true\u00bb hover_enabled=\u00bb0&#8243; global_colors_info=\u00bb{}\u00bb button_url=\u00bbhttps:\/\/ramonishop.com\/productos\/\u00bb sticky_enabled=\u00bb0&#8243;][\/et_pb_button][\/et_pb_column][et_pb_column type=\u00bb1_2&#8243; _builder_version=\u00bb4.24.2&#8243; _module_preset=\u00bbdefault\u00bb border_radii=\u00bbon|10px|10px|10px|10px\u00bb global_colors_info=\u00bb{}\u00bb][et_pb_image src=\u00bbhttps:\/\/ramonishop.com\/wp-content\/uploads\/2025\/04\/image-mask-1.png\u00bb title_text=\u00bbSkin-care16&#8243; _builder_version=\u00bb4.25.0&#8243; _module_preset=\u00bbdefault\u00bb background_image=\u00bbhttps:\/\/ramonishop.com\/wp-content\/uploads\/2025\/04\/Skin-care16.jpg\u00bb border_radii=\u00bbon|20px|20px|20px|20px\u00bb global_colors_info=\u00bb{}\u00bb][\/et_pb_image][\/et_pb_column][\/et_pb_row][\/et_pb_section][et_pb_section fb_built=\u00bb1&#8243; custom_padding_last_edited=\u00bbon|tablet\u00bb admin_label=\u00bbFavorities\u00bb _builder_version=\u00bb4.27.4&#8243; _module_preset=\u00bbdefault\u00bb background_color=\u00bb#FFFFFF\u00bb custom_padding=\u00bb60px|60px|60px|60px|true|true\u00bb custom_padding_tablet=\u00bb|5vw||5vw|true|true\u00bb custom_padding_phone=\u00bb|5vw||5vw|true|true\u00bb global_colors_info=\u00bb{}\u00bb][et_pb_row column_structure=\u00bb1_4,1_4,1_4,1_4&#8243; _builder_version=\u00bb4.25.0&#8243; _module_preset=\u00bbdefault\u00bb width=\u00bb100%\u00bb max_width=\u00bbnone\u00bb custom_padding=\u00bb0px||0px||true|false\u00bb global_colors_info=\u00bb{}\u00bb][et_pb_column type=\u00bb1_4&#8243; _builder_version=\u00bb4.24.2&#8243; _module_preset=\u00bbdefault\u00bb custom_padding=\u00bb||||false|false\u00bb custom_padding_tablet=\u00bb0vw||||false|false\u00bb custom_padding_phone=\u00bb0vw||||false|false\u00bb custom_padding_last_edited=\u00bboff|desktop\u00bb global_colors_info=\u00bb{}\u00bb][et_pb_heading title=\u00bbHecho a Mano, con Amor\u00bb _builder_version=\u00bb4.27.4&#8243; _module_preset=\u00bb_initial\u00bb title_level=\u00bbh2&#8243; title_font=\u00bbCalistoga||||||||\u00bb title_text_color=\u00bb#000000&#8243; title_font_size=\u00bb3vw\u00bb custom_margin=\u00bb||10px||false|false\u00bb global_colors_info=\u00bb{}\u00bb][\/et_pb_heading][et_pb_text quote_border_color=\u00bb#5791ff\u00bb _builder_version=\u00bb4.27.5&#8243; _module_preset=\u00bb_initial\u00bb text_font=\u00bbOpen Sans||||||||\u00bb text_font_size=\u00bb16px\u00bb text_line_height=\u00bb1.75em\u00bb link_font=\u00bb|700|||||||\u00bb link_text_color=\u00bb#5791ff\u00bb quote_font=\u00bb|700|||||||\u00bb quote_text_color=\u00bb#5791ff\u00bb hover_enabled=\u00bb0&#8243; text_font_size_tablet=\u00bb15px\u00bb text_font_size_phone=\u00bb14px\u00bb text_font_size_last_edited=\u00bbon|phone\u00bb global_colors_info=\u00bb{}\u00bb sticky_enabled=\u00bb0&#8243;]<\/p>\n<p>Discover unique, handcrafted pieces, created with passion and dedication. Fashion with soul, designed for those who value authenticity.<\/p>\n<p>[\/et_pb_text][et_pb_button button_text=\u00bbver\u00bb _builder_version=\u00bb4.27.5&#8243; _module_preset=\u00bb_initial\u00bb custom_button=\u00bbon\u00bb button_text_size=\u00bb16px\u00bb button_text_color=\u00bb#FFFFFF\u00bb button_bg_color=\u00bb#7c7a00&#8243; button_border_radius=\u00bb100px\u00bb button_letter_spacing=\u00bb0.08em\u00bb button_font=\u00bbBarlow Condensed|600||on|||||\u00bb custom_padding=\u00bb45px|70px|45px|70px|true|true\u00bb hover_enabled=\u00bb0&#8243; global_colors_info=\u00bb{}\u00bb button_url=\u00bbhttps:\/\/ramonishop.com\/productos\/\u00bb sticky_enabled=\u00bb0&#8243;][\/et_pb_button][\/et_pb_column][et_pb_column type=\u00bb1_4&#8243; _builder_version=\u00bb4.24.2&#8243; _module_preset=\u00bbdefault\u00bb global_colors_info=\u00bb{}\u00bb][et_pb_image src=\u00bbhttps:\/\/ramonishop.com\/wp-content\/uploads\/2025\/04\/flower.png\u00bb title_text=\u00bbflower\u00bb _builder_version=\u00bb4.25.0&#8243; _module_preset=\u00bbdefault\u00bb positioning=\u00bbabsolute\u00bb position_origin_a=\u00bbbottom_left\u00bb vertical_offset=\u00bb10%\u00bb horizontal_offset=\u00bb10%\u00bb z_index=\u00bb1&#8243; width=\u00bb48px\u00bb custom_margin=\u00bb||0px||false|false\u00bb global_colors_info=\u00bb{}\u00bb][\/et_pb_image][et_pb_image src=\u00bbhttps:\/\/ramonishop.com\/wp-content\/uploads\/2025\/04\/Skin-care19-815&#215;1024-1.jpg\u00bb title_text=\u00bbSkin-care19&#8243; _builder_version=\u00bb4.25.0&#8243; _module_preset=\u00bbdefault\u00bb custom_margin=\u00bb||||false|false\u00bb border_radii=\u00bbon|100%|100%|100%|100%\u00bb global_colors_info=\u00bb{}\u00bb][\/et_pb_image][\/et_pb_column][et_pb_column type=\u00bb1_4&#8243; _builder_version=\u00bb4.24.2&#8243; _module_preset=\u00bbdefault\u00bb global_colors_info=\u00bb{}\u00bb][et_pb_image src=\u00bbhttps:\/\/ramonishop.com\/wp-content\/uploads\/2025\/04\/Skin-care18.jpg\u00bb title_text=\u00bbSkin-care18&#8243; _builder_version=\u00bb4.25.0&#8243; _module_preset=\u00bbdefault\u00bb border_radii=\u00bbon|20px|20px|20px|20px\u00bb global_colors_info=\u00bb{}\u00bb][\/et_pb_image][\/et_pb_column][et_pb_column type=\u00bb1_4&#8243; _builder_version=\u00bb4.24.2&#8243; _module_preset=\u00bbdefault\u00bb global_colors_info=\u00bb{}\u00bb][et_pb_image src=\u00bbhttps:\/\/ramonishop.com\/wp-content\/uploads\/2025\/04\/flower-2.png\u00bb title_text=\u00bbflower-2&#8243; _builder_version=\u00bb4.25.0&#8243; _module_preset=\u00bbdefault\u00bb positioning=\u00bbabsolute\u00bb position_origin_a=\u00bbtop_right\u00bb vertical_offset=\u00bb6%\u00bb horizontal_offset=\u00bb6%\u00bb z_index=\u00bb1&#8243; width=\u00bb48px\u00bb custom_margin=\u00bb||0px||false|false\u00bb global_colors_info=\u00bb{}\u00bb][\/et_pb_image][et_pb_image src=\u00bbhttps:\/\/ramonishop.com\/wp-content\/uploads\/2025\/04\/Exclude.png\u00bb title_text=\u00bbSkin-care13&#8243; _builder_version=\u00bb4.25.0&#8243; _module_preset=\u00bbdefault\u00bb background_image=\u00bbhttps:\/\/ramonishop.com\/wp-content\/uploads\/2025\/04\/Skin-care13.jpg\u00bb locked=\u00bboff\u00bb global_colors_info=\u00bb{}\u00bb][\/et_pb_image][\/et_pb_column][\/et_pb_row][\/et_pb_section][et_pb_section fb_built=\u00bb1&#8243; admin_label=\u00bbAbout\u00bb _builder_version=\u00bb4.27.4&#8243; _module_preset=\u00bbdefault\u00bb background_color=\u00bb#FFFFFF\u00bb custom_padding=\u00bb60px|60px|60px|60px|true|true\u00bb global_colors_info=\u00bb{}\u00bb][et_pb_row column_structure=\u00bb3_5,2_5&#8243; _builder_version=\u00bb4.24.3&#8243; _module_preset=\u00bbdefault\u00bb width=\u00bb100%\u00bb max_width=\u00bbnone\u00bb custom_padding=\u00bb0px||0px||true|false\u00bb global_colors_info=\u00bb{}\u00bb][et_pb_column type=\u00bb3_5&#8243; _builder_version=\u00bb4.24.3&#8243; _module_preset=\u00bbdefault\u00bb global_colors_info=\u00bb{}\u00bb][et_pb_image src=\u00bbhttps:\/\/ramonishop.com\/wp-content\/uploads\/2025\/04\/Skin-care-wave-1.png\u00bb title_text=\u00bbSkin-care-wave-1&#8243; align=\u00bbright\u00bb _builder_version=\u00bb4.25.0&#8243; _module_preset=\u00bbdefault\u00bb positioning=\u00bbabsolute\u00bb position_origin_a=\u00bbbottom_right\u00bb z_index=\u00bb3&#8243; width=\u00bb50%\u00bb custom_margin=\u00bb||0px||false|false\u00bb global_colors_info=\u00bb{}\u00bb][\/et_pb_image][et_pb_image src=\u00bbhttps:\/\/ramonishop.com\/wp-content\/uploads\/2025\/04\/Skin-care15.jpg\u00bb title_text=\u00bbSkin-care15&#8243; force_fullwidth=\u00bbon\u00bb _builder_version=\u00bb4.25.0&#8243; _module_preset=\u00bbdefault\u00bb border_radii=\u00bbon|20px|20px|20px|20px\u00bb global_colors_info=\u00bb{}\u00bb][\/et_pb_image][\/et_pb_column][et_pb_column type=\u00bb2_5&#8243; _builder_version=\u00bb4.24.2&#8243; _module_preset=\u00bbdefault\u00bb custom_padding=\u00bb8vw||||false|false\u00bb custom_padding_tablet=\u00bb0vw||||false|false\u00bb custom_padding_phone=\u00bb0vw||||false|false\u00bb custom_padding_last_edited=\u00bbon|desktop\u00bb global_colors_info=\u00bb{}\u00bb][et_pb_heading title=\u00bbArtesan\u00eda que viste historias\u00bb _builder_version=\u00bb4.27.4&#8243; _module_preset=\u00bb_initial\u00bb title_level=\u00bbh2&#8243; title_font=\u00bbCalistoga||||||||\u00bb title_text_color=\u00bbgcid-b5a29134-8272-4232-9fa4-8f43192db062&#8243; title_font_size=\u00bb5vw\u00bb title_line_height=\u00bb1.2em\u00bb custom_margin=\u00bb||10px||false|false\u00bb title_font_size_tablet=\u00bb40px\u00bb title_font_size_phone=\u00bb28px\u00bb title_font_size_last_edited=\u00bbon|phone\u00bb global_colors_info=\u00bb{%22gcid-b5a29134-8272-4232-9fa4-8f43192db062%22:%91%22title_text_color%22%93}\u00bb][\/et_pb_heading][et_pb_text quote_border_color=\u00bb#5791ff\u00bb _builder_version=\u00bb4.27.4&#8243; _module_preset=\u00bb_initial\u00bb text_font=\u00bbOpen Sans||||||||\u00bb text_font_size=\u00bb16px\u00bb text_line_height=\u00bb1.75em\u00bb link_font=\u00bb|700|||||||\u00bb link_text_color=\u00bb#5791ff\u00bb quote_font=\u00bb|700|||||||\u00bb quote_text_color=\u00bb#5791ff\u00bb text_font_size_tablet=\u00bb15px\u00bb text_font_size_phone=\u00bb14px\u00bb text_font_size_last_edited=\u00bbon|phone\u00bb global_colors_info=\u00bb{}\u00bb]<\/p>\n<p>Each Ramoni Shop garment reflects the love for authenticity. Unique designs, woven with passion for those who value what is special.<\/p>\n<p>[\/et_pb_text][et_pb_button button_text=\u00bbProductos\u00bb _builder_version=\u00bb4.27.5&#8243; _module_preset=\u00bb_initial\u00bb custom_button=\u00bbon\u00bb button_text_size=\u00bb16px\u00bb button_text_color=\u00bb#FFFFFF\u00bb button_bg_color=\u00bb#7c7a00&#8243; button_border_radius=\u00bb100px\u00bb button_letter_spacing=\u00bb0.08em\u00bb button_font=\u00bbBarlow Condensed|600||on|||||\u00bb custom_padding=\u00bb45px|70px|45px|70px|true|true\u00bb hover_enabled=\u00bb0&#8243; global_colors_info=\u00bb{}\u00bb button_url=\u00bbhttps:\/\/ramonishop.com\/productos\/\u00bb sticky_enabled=\u00bb0&#8243;][\/et_pb_button][\/et_pb_column][\/et_pb_row][\/et_pb_section][et_pb_section fb_built=\u00bb1&#8243; _builder_version=\u00bb4.27.4&#8243; _module_preset=\u00bbdefault\u00bb global_colors_info=\u00bb{}\u00bb][et_pb_row _builder_version=\u00bb4.27.4&#8243; _module_preset=\u00bbdefault\u00bb global_colors_info=\u00bb{}\u00bb][et_pb_column type=\u00bb4_4&#8243; _builder_version=\u00bb4.27.4&#8243; _module_preset=\u00bbdefault\u00bb global_colors_info=\u00bb{}\u00bb][et_pb_image src=\u00bbhttps:\/\/ramonishop.com\/wp-content\/uploads\/2025\/04\/LOGOS-KIT-DIGITAL.png\u00bb title_text=\u00bbLOGOS KIT DIGITAL\u00bb align=\u00bbcenter\u00bb _builder_version=\u00bb4.27.4&#8243; _module_preset=\u00bbdefault\u00bb width=\u00bb50%\u00bb global_colors_info=\u00bb{}\u00bb][\/et_pb_image][et_pb_text _builder_version=\u00bb4.27.4&#8243; _module_preset=\u00bbdefault\u00bb global_colors_info=\u00bb{}\u00bb]<\/p>\n<p style=\"text-align: center;\"><span>Funded by the European Union - NextGenerationEU<\/span><\/p>\n<p>[\/et_pb_text][\/et_pb_column][\/et_pb_row][\/et_pb_section][et_pb_section fb_built=\u00bb1&#8243; custom_padding_last_edited=\u00bbon|tablet\u00bb admin_label=\u00bbFooter\u00bb _builder_version=\u00bb4.27.4&#8243; _module_preset=\u00bbdefault\u00bb background_enable_color=\u00bboff\u00bb custom_padding=\u00bb60px|60px|60px|60px|true|true\u00bb custom_padding_tablet=\u00bb|5vw||5vw|true|true\u00bb custom_padding_phone=\u00bb|5vw||5vw|true|true\u00bb saved_tabs=\u00bball\u00bb global_colors_info=\u00bb{%22gcid-c159fe25-17b5-49f7-a4bd-a2adb8f8a2a8%22:%91%22background_color%22,%22background_color%22%93}\u00bb custom_padding__hover_enabled=\u00bboff|desktop\u00bb][et_pb_row column_structure=\u00bb1_4,1_4,1_4,1_4&#8243; use_custom_gutter=\u00bbon\u00bb gutter_width=\u00bb2&#8243; make_equal=\u00bbon\u00bb _builder_version=\u00bb4.24.3&#8243; _module_preset=\u00bbdefault\u00bb width=\u00bb100%\u00bb max_width=\u00bbnone\u00bb custom_padding=\u00bb30px||30px||true|false\u00bb global_colors_info=\u00bb{}\u00bb][et_pb_column type=\u00bb1_4&#8243; _builder_version=\u00bb4.24.2&#8243; _module_preset=\u00bbdefault\u00bb global_colors_info=\u00bb{}\u00bb][et_pb_heading title=\u00bbRamoni Shop\u00bb _builder_version=\u00bb4.27.4&#8243; _module_preset=\u00bb_initial\u00bb title_level=\u00bbh2&#8243; title_font=\u00bbCalistoga||||||||\u00bb title_text_color=\u00bb#7e7a59&#8243; title_font_size=\u00bb68px\u00bb title_line_height=\u00bb1.2em\u00bb custom_margin=\u00bb||10px||false|false\u00bb title_font_size_tablet=\u00bb40px\u00bb title_font_size_phone=\u00bb28px\u00bb title_font_size_last_edited=\u00bbon|phone\u00bb global_colors_info=\u00bb{}\u00bb][\/et_pb_heading][\/et_pb_column][et_pb_column type=\u00bb1_4&#8243; _builder_version=\u00bb4.24.2&#8243; _module_preset=\u00bbdefault\u00bb custom_padding=\u00bb||||false|false\u00bb custom_padding_tablet=\u00bb||||false|false\u00bb custom_padding_phone=\u00bb0px|20px|||false|false\u00bb custom_padding_last_edited=\u00bbon|phone\u00bb global_colors_info=\u00bb{}\u00bb][et_pb_text quote_border_color=\u00bbgcid-b5a29134-8272-4232-9fa4-8f43192db062&#8243; _builder_version=\u00bb4.27.4&#8243; _module_preset=\u00bb_initial\u00bb text_font=\u00bb||||||||\u00bb text_text_color=\u00bb#000000&#8243; text_line_height=\u00bb1.6em\u00bb link_font=\u00bb||||||||\u00bb link_text_color=\u00bbgcid-0a16f640-0e05-464a-b04d-36bb60a3728d\u00bb quote_font=\u00bb|700|||||||\u00bb quote_text_color=\u00bbgcid-b5a29134-8272-4232-9fa4-8f43192db062&#8243; text_orientation=\u00bbright\u00bb custom_margin=\u00bb||10px||false|false\u00bb custom_padding=\u00bb||||false|false\u00bb hover_enabled=\u00bb0&#8243; text_orientation_tablet=\u00bb\u00bb text_orientation_phone=\u00bbleft\u00bb text_orientation_last_edited=\u00bbon|phone\u00bb global_colors_info=\u00bb{%22gcid-b5a29134-8272-4232-9fa4-8f43192db062%22:%91%22quote_border_color%22,%22quote_text_color%22,%22quote_border_color%22,%22quote_text_color%22,%22quote_border_color%22,%22quote_text_color%22,%22quote_border_color%22,%22quote_text_color%22,%22quote_border_color%22,%22quote_text_color%22,%22quote_border_color%22,%22quote_text_color%22,%22quote_border_color%22,%22quote_text_color%22%93,%22gcid-0a16f640-0e05-464a-b04d-36bb60a3728d%22:%91%22link_text_color%22%93}\u00bb sticky_enabled=\u00bb0&#8243;]<\/p>\n<p><a href=\"https:\/\/ramonishop.com\/en\/\">Home<\/a><\/p>\n<p>[\/et_pb_text][et_pb_text quote_border_color=\u00bbgcid-b5a29134-8272-4232-9fa4-8f43192db062&#8243; _builder_version=\u00bb4.27.4&#8243; _module_preset=\u00bb_initial\u00bb text_font=\u00bb||||||||\u00bb text_text_color=\u00bb#000000&#8243; text_line_height=\u00bb1.6em\u00bb link_font=\u00bb||||||||\u00bb link_text_color=\u00bbgcid-0a16f640-0e05-464a-b04d-36bb60a3728d\u00bb quote_font=\u00bb|700|||||||\u00bb quote_text_color=\u00bbgcid-b5a29134-8272-4232-9fa4-8f43192db062&#8243; text_orientation=\u00bbright\u00bb custom_margin=\u00bb||10px||false|false\u00bb custom_padding=\u00bb||||false|false\u00bb text_orientation_tablet=\u00bbright\u00bb text_orientation_phone=\u00bbleft\u00bb text_orientation_last_edited=\u00bbon|phone\u00bb global_colors_info=\u00bb{%22gcid-b5a29134-8272-4232-9fa4-8f43192db062%22:%91%22quote_border_color%22,%22quote_text_color%22,%22quote_border_color%22,%22quote_text_color%22,%22quote_border_color%22,%22quote_text_color%22,%22quote_border_color%22,%22quote_text_color%22,%22quote_border_color%22,%22quote_text_color%22,%22quote_border_color%22,%22quote_text_color%22,%22quote_border_color%22,%22quote_text_color%22%93,%22gcid-0a16f640-0e05-464a-b04d-36bb60a3728d%22:%91%22link_text_color%22%93}\u00bb]<\/p>\n<p><a href=\"https:\/\/ramonishop.com\/en\/productos\/\">Products<\/a><\/p>\n<p>[\/et_pb_text][et_pb_text quote_border_color=\u00bbgcid-b5a29134-8272-4232-9fa4-8f43192db062&#8243; _builder_version=\u00bb4.27.4&#8243; _module_preset=\u00bb_initial\u00bb text_font=\u00bb||||||||\u00bb text_text_color=\u00bb#000000&#8243; text_line_height=\u00bb1.6em\u00bb link_font=\u00bb||||||||\u00bb link_text_color=\u00bbgcid-0a16f640-0e05-464a-b04d-36bb60a3728d\u00bb quote_font=\u00bb|700|||||||\u00bb quote_text_color=\u00bbgcid-b5a29134-8272-4232-9fa4-8f43192db062&#8243; text_orientation=\u00bbright\u00bb custom_margin=\u00bb||10px||false|false\u00bb custom_padding=\u00bb||||false|false\u00bb text_orientation_tablet=\u00bbright\u00bb text_orientation_phone=\u00bbleft\u00bb text_orientation_last_edited=\u00bbon|phone\u00bb global_colors_info=\u00bb{%22gcid-b5a29134-8272-4232-9fa4-8f43192db062%22:%91%22quote_border_color%22,%22quote_text_color%22,%22quote_border_color%22,%22quote_text_color%22,%22quote_border_color%22,%22quote_text_color%22,%22quote_border_color%22,%22quote_text_color%22,%22quote_border_color%22,%22quote_text_color%22,%22quote_border_color%22,%22quote_text_color%22,%22quote_border_color%22,%22quote_text_color%22%93,%22gcid-0a16f640-0e05-464a-b04d-36bb60a3728d%22:%91%22link_text_color%22%93}\u00bb]<\/p>\n<p><a href=\"https:\/\/ramonishop.com\/en\/contacto\/\">Contact<\/a><\/p>\n<p>[\/et_pb_text][\/et_pb_column][et_pb_column type=\u00bb1_4&#8243; _builder_version=\u00bb4.24.2&#8243; _module_preset=\u00bbdefault\u00bb custom_padding=\u00bb||||false|false\u00bb custom_padding_tablet=\u00bb60px||||false|false\u00bb custom_padding_phone=\u00bb0px||||false|false\u00bb custom_padding_last_edited=\u00bbon|phone\u00bb global_colors_info=\u00bb{}\u00bb][et_pb_image src=\u00bbhttps:\/\/ramonishop.com\/wp-content\/uploads\/2025\/04\/Skin-care03.jpg\u00bb title_text=\u00bbSkin-care03&#8243; _builder_version=\u00bb4.25.0&#8243; _module_preset=\u00bbdefault\u00bb border_radii=\u00bbon|20px|20px|20px|20px\u00bb global_colors_info=\u00bb{}\u00bb][\/et_pb_image][\/et_pb_column][et_pb_column type=\u00bb1_4&#8243; _builder_version=\u00bb4.24.2&#8243; _module_preset=\u00bbdefault\u00bb custom_padding=\u00bb||||false|false\u00bb custom_padding_tablet=\u00bb60px||||false|false\u00bb custom_padding_phone=\u00bb0px||||false|false\u00bb custom_padding_last_edited=\u00bbon|phone\u00bb global_colors_info=\u00bb{}\u00bb][et_pb_image src=\u00bbhttps:\/\/ramonishop.com\/wp-content\/uploads\/2025\/04\/Skin-care23.jpg\u00bb title_text=\u00bbSkin-care23&#8243; _builder_version=\u00bb4.25.0&#8243; _module_preset=\u00bbdefault\u00bb border_radii=\u00bbon|20px|20px|20px|20px\u00bb global_colors_info=\u00bb{}\u00bb][\/et_pb_image][\/et_pb_column][\/et_pb_row][\/et_pb_section]<\/p>","protected":false},"excerpt":{"rendered":"<p>Descubre piezas \u00fanicas y artesanales, creadas con pasi\u00f3n y dedicaci\u00f3n. Moda con alma, dise\u00f1ada para quienes valoran lo aut\u00e9ntico.Cada prenda de Ramoni Shop refleja el amor por lo aut\u00e9ntico. Dise\u00f1os \u00fanicos, tejidos con pasi\u00f3n para quienes valoran lo especial.Financiado por la Uni\u00f3n Europea \u2013 NextGenerationEUInicioProductosContacto<\/p>","protected":false},"author":1,"featured_media":0,"parent":0,"menu_order":0,"comment_status":"closed","ping_status":"closed","template":"","meta":{"_et_pb_use_builder":"on","_et_pb_old_content":"","_et_gb_content_width":"","footnotes":""},"class_list":["post-8","page","type-page","status-publish","hentry"],"yoast_head":"<!-- This site is optimized with the Yoast SEO plugin v26.8 - https:\/\/yoast.com\/product\/yoast-seo-wordpress\/ -->\n<title>INICIO - Ramoni Shop<\/title>\n<meta name=\"description\" content=\"Descubre piezas \u00fanicas y artesanales, creadas con pasi\u00f3n y dedicaci\u00f3n. Moda con alma, dise\u00f1ada para quienes valoran lo aut\u00e9ntico.\" \/>\n<meta name=\"robots\" content=\"index, follow, max-snippet:-1, max-image-preview:large, max-video-preview:-1\" \/>\n<link rel=\"canonical\" href=\"https:\/\/ramonishop.com\/en\/\" \/>\n<meta property=\"og:locale\" content=\"en_GB\" \/>\n<meta property=\"og:type\" content=\"article\" \/>\n<meta property=\"og:title\" content=\"INICIO - Ramoni Shop\" \/>\n<meta property=\"og:description\" content=\"Descubre piezas \u00fanicas y artesanales, creadas con pasi\u00f3n y dedicaci\u00f3n. Moda con alma, dise\u00f1ada para quienes valoran lo aut\u00e9ntico.\" \/>\n<meta property=\"og:url\" content=\"https:\/\/ramonishop.com\/en\/\" \/>\n<meta property=\"og:site_name\" content=\"Ramoni Shop\" \/>\n<meta property=\"article:modified_time\" content=\"2026-01-23T12:10:08+00:00\" \/>\n<meta name=\"twitter:card\" content=\"summary_large_image\" \/>\n<meta name=\"twitter:label1\" content=\"Estimated reading time\" \/>\n\t<meta name=\"twitter:data1\" content=\"3 minutes\" \/>\n<script type=\"application\/ld+json\" class=\"yoast-schema-graph\">{\"@context\":\"https:\/\/schema.org\",\"@graph\":[{\"@type\":\"WebPage\",\"@id\":\"https:\/\/ramonishop.com\/\",\"url\":\"https:\/\/ramonishop.com\/\",\"name\":\"INICIO - Ramoni Shop\",\"isPartOf\":{\"@id\":\"https:\/\/ramonishop.com\/#website\"},\"datePublished\":\"2025-04-09T10:41:56+00:00\",\"dateModified\":\"2026-01-23T12:10:08+00:00\",\"description\":\"Descubre piezas \u00fanicas y artesanales, creadas con pasi\u00f3n y dedicaci\u00f3n. Moda con alma, dise\u00f1ada para quienes valoran lo aut\u00e9ntico.\",\"breadcrumb\":{\"@id\":\"https:\/\/ramonishop.com\/#breadcrumb\"},\"inLanguage\":\"en-GB\",\"potentialAction\":[{\"@type\":\"ReadAction\",\"target\":[\"https:\/\/ramonishop.com\/\"]}]},{\"@type\":\"BreadcrumbList\",\"@id\":\"https:\/\/ramonishop.com\/#breadcrumb\",\"itemListElement\":[{\"@type\":\"ListItem\",\"position\":1,\"name\":\"Portada\",\"item\":\"https:\/\/ramonishop.com\/\"},{\"@type\":\"ListItem\",\"position\":2,\"name\":\"INICIO\"}]},{\"@type\":\"WebSite\",\"@id\":\"https:\/\/ramonishop.com\/#website\",\"url\":\"https:\/\/ramonishop.com\/\",\"name\":\"Ramoni Shop\",\"description\":\"\",\"potentialAction\":[{\"@type\":\"SearchAction\",\"target\":{\"@type\":\"EntryPoint\",\"urlTemplate\":\"https:\/\/ramonishop.com\/?s={search_term_string}\"},\"query-input\":{\"@type\":\"PropertyValueSpecification\",\"valueRequired\":true,\"valueName\":\"search_term_string\"}}],\"inLanguage\":\"en-GB\"}]}<\/script>\n<!-- \/ Yoast SEO plugin. -->","yoast_head_json":{"title":"INICIO - Ramoni Shop","description":"Discover unique, handcrafted pieces, created with passion and dedication. Fashion with soul, designed for those who value authenticity.","robots":{"index":"index","follow":"follow","max-snippet":"max-snippet:-1","max-image-preview":"max-image-preview:large","max-video-preview":"max-video-preview:-1"},"canonical":"https:\/\/ramonishop.com\/en\/","og_locale":"en_GB","og_type":"article","og_title":"INICIO - Ramoni Shop","og_description":"Descubre piezas \u00fanicas y artesanales, creadas con pasi\u00f3n y dedicaci\u00f3n. Moda con alma, dise\u00f1ada para quienes valoran lo aut\u00e9ntico.","og_url":"https:\/\/ramonishop.com\/en\/","og_site_name":"Ramoni Shop","article_modified_time":"2026-01-23T12:10:08+00:00","twitter_card":"summary_large_image","twitter_misc":{"Estimated reading time":"3 minutes"},"schema":{"@context":"https:\/\/schema.org","@graph":[{"@type":"WebPage","@id":"https:\/\/ramonishop.com\/","url":"https:\/\/ramonishop.com\/","name":"INICIO - Ramoni Shop","isPartOf":{"@id":"https:\/\/ramonishop.com\/#website"},"datePublished":"2025-04-09T10:41:56+00:00","dateModified":"2026-01-23T12:10:08+00:00","description":"Discover unique, handcrafted pieces, created with passion and dedication. Fashion with soul, designed for those who value authenticity.","breadcrumb":{"@id":"https:\/\/ramonishop.com\/#breadcrumb"},"inLanguage":"en-GB","potentialAction":[{"@type":"ReadAction","target":["https:\/\/ramonishop.com\/"]}]},{"@type":"BreadcrumbList","@id":"https:\/\/ramonishop.com\/#breadcrumb","itemListElement":[{"@type":"ListItem","position":1,"name":"Portada","item":"https:\/\/ramonishop.com\/"},{"@type":"ListItem","position":2,"name":"INICIO"}]},{"@type":"WebSite","@id":"https:\/\/ramonishop.com\/#website","url":"https:\/\/ramonishop.com\/","name":"Ramoni Shop","description":"","potentialAction":[{"@type":"SearchAction","target":{"@type":"EntryPoint","urlTemplate":"https:\/\/ramonishop.com\/?s={search_term_string}"},"query-input":{"@type":"PropertyValueSpecification","valueRequired":true,"valueName":"search_term_string"}}],"inLanguage":"en-GB"}]}},"_links":{"self":[{"href":"https:\/\/ramonishop.com\/en\/wp-json\/wp\/v2\/pages\/8","targetHints":{"allow":["GET"]}}],"collection":[{"href":"https:\/\/ramonishop.com\/en\/wp-json\/wp\/v2\/pages"}],"about":[{"href":"https:\/\/ramonishop.com\/en\/wp-json\/wp\/v2\/types\/page"}],"author":[{"embeddable":true,"href":"https:\/\/ramonishop.com\/en\/wp-json\/wp\/v2\/users\/1"}],"replies":[{"embeddable":true,"href":"https:\/\/ramonishop.com\/en\/wp-json\/wp\/v2\/comments?post=8"}],"version-history":[{"count":23,"href":"https:\/\/ramonishop.com\/en\/wp-json\/wp\/v2\/pages\/8\/revisions"}],"predecessor-version":[{"id":108,"href":"https:\/\/ramonishop.com\/en\/wp-json\/wp\/v2\/pages\/8\/revisions\/108"}],"wp:attachment":[{"href":"https:\/\/ramonishop.com\/en\/wp-json\/wp\/v2\/media?parent=8"}],"curies":[{"name":"wp","href":"https:\/\/api.w.org\/{rel}","templated":true}]}}